{"id":706,"date":"2023-09-30T13:43:19","date_gmt":"2023-09-30T13:43:19","guid":{"rendered":"https:\/\/flperformance.fr\/?page_id=706"},"modified":"2023-09-30T14:44:11","modified_gmt":"2023-09-30T14:44:11","slug":"mentions-legales","status":"publish","type":"page","link":"https:\/\/flperformance.fr\/index.php\/mentions-legales\/","title":{"rendered":"Mentions l\u00e9gales"},"content":{"rendered":"\t\t<div data-elementor-type=\"wp-page\" data-elementor-id=\"706\" class=\"elementor elementor-706\">\n\t\t\t\t\t\t<section class=\"elementor-section elementor-top-section elementor-element elementor-element-92803b0 elementor-section-height-min-height elementor-section-stretched elementor-section-boxed elementor-section-height-default elementor-section-items-middle wpr-particle-no wpr-jarallax-no wpr-parallax-no wpr-sticky-section-no\" data-id=\"92803b0\" data-element_type=\"section\" data-settings=\"{&quot;stretch_section&quot;:&quot;section-stretched&quot;,&quot;background_background&quot;:&quot;classic&quot;,&quot;shape_divider_bottom&quot;:&quot;mountains&quot;}\">\n\t\t\t\t\t<div class=\"elementor-shape elementor-shape-bottom\" data-negative=\"false\">\n\t\t\t<svg xmlns=\"http:\/\/www.w3.org\/2000\/svg\" viewBox=\"0 0 1000 100\" preserveAspectRatio=\"none\">\n\t<path class=\"elementor-shape-fill\" opacity=\"0.33\" d=\"M473,67.3c-203.9,88.3-263.1-34-320.3,0C66,119.1,0,59.7,0,59.7V0h1000v59.7 c0,0-62.1,26.1-94.9,29.3c-32.8,3.3-62.8-12.3-75.8-22.1C806,49.6,745.3,8.7,694.9,4.7S492.4,59,473,67.3z\"\/>\n\t<path class=\"elementor-shape-fill\" opacity=\"0.66\" d=\"M734,67.3c-45.5,0-77.2-23.2-129.1-39.1c-28.6-8.7-150.3-10.1-254,39.1 s-91.7-34.4-149.2,0C115.7,118.3,0,39.8,0,39.8V0h1000v36.5c0,0-28.2-18.5-92.1-18.5C810.2,18.1,775.7,67.3,734,67.3z\"\/>\n\t<path class=\"elementor-shape-fill\" d=\"M766.1,28.9c-200-57.5-266,65.5-395.1,19.5C242,1.8,242,5.4,184.8,20.6C128,35.8,132.3,44.9,89.9,52.5C28.6,63.7,0,0,0,0 h1000c0,0-9.9,40.9-83.6,48.1S829.6,47,766.1,28.9z\"\/>\n<\/svg>\t\t<\/div>\n\t\t\t\t\t<div class=\"elementor-container elementor-column-gap-default\">\n\t\t\t\t\t<div class=\"elementor-column elementor-col-100 elementor-top-column elementor-element elementor-element-48c4e7e\" data-id=\"48c4e7e\" data-element_type=\"column\">\n\t\t\t<div class=\"elementor-widget-wrap elementor-element-populated\">\n\t\t\t\t\t\t<div class=\"elementor-element elementor-element-e03300e elementor-widget elementor-widget-heading\" data-id=\"e03300e\" data-element_type=\"widget\" data-widget_type=\"heading.default\">\n\t\t\t\t<div class=\"elementor-widget-container\">\n\t\t\t<style>\/*! elementor - v3.20.0 - 10-04-2024 *\/\n.elementor-heading-title{padding:0;margin:0;line-height:1}.elementor-widget-heading .elementor-heading-title[class*=elementor-size-]>a{color:inherit;font-size:inherit;line-height:inherit}.elementor-widget-heading .elementor-heading-title.elementor-size-small{font-size:15px}.elementor-widget-heading .elementor-heading-title.elementor-size-medium{font-size:19px}.elementor-widget-heading .elementor-heading-title.elementor-size-large{font-size:29px}.elementor-widget-heading .elementor-heading-title.elementor-size-xl{font-size:39px}.elementor-widget-heading .elementor-heading-title.elementor-size-xxl{font-size:59px}<\/style><h2 class=\"elementor-heading-title elementor-size-default\">Mentions l\u00e9gales<\/h2>\t\t<\/div>\n\t\t\t\t<\/div>\n\t\t\t\t\t<\/div>\n\t\t<\/div>\n\t\t\t\t\t<\/div>\n\t\t<\/section>\n\t\t\t\t<section class=\"elementor-section elementor-top-section elementor-element elementor-element-bdd7345 elementor-section-boxed elementor-section-height-default elementor-section-height-default wpr-particle-no wpr-jarallax-no wpr-parallax-no wpr-sticky-section-no\" data-id=\"bdd7345\" data-element_type=\"section\">\n\t\t\t\t\t\t<div class=\"elementor-container elementor-column-gap-default\">\n\t\t\t\t\t<div class=\"elementor-column elementor-col-100 elementor-top-column elementor-element elementor-element-a974197\" data-id=\"a974197\" data-element_type=\"column\">\n\t\t\t<div class=\"elementor-widget-wrap elementor-element-populated\">\n\t\t\t\t\t\t<div class=\"elementor-element elementor-element-b8966d6 elementor-widget elementor-widget-spacer\" data-id=\"b8966d6\" data-element_type=\"widget\" data-widget_type=\"spacer.default\">\n\t\t\t\t<div class=\"elementor-widget-container\">\n\t\t\t<style>\/*! elementor - v3.20.0 - 10-04-2024 *\/\n.elementor-column .elementor-spacer-inner{height:var(--spacer-size)}.e-con{--container-widget-width:100%}.e-con-inner>.elementor-widget-spacer,.e-con>.elementor-widget-spacer{width:var(--container-widget-width,var(--spacer-size));--align-self:var(--container-widget-align-self,initial);--flex-shrink:0}.e-con-inner>.elementor-widget-spacer>.elementor-widget-container,.e-con>.elementor-widget-spacer>.elementor-widget-container{height:100%;width:100%}.e-con-inner>.elementor-widget-spacer>.elementor-widget-container>.elementor-spacer,.e-con>.elementor-widget-spacer>.elementor-widget-container>.elementor-spacer{height:100%}.e-con-inner>.elementor-widget-spacer>.elementor-widget-container>.elementor-spacer>.elementor-spacer-inner,.e-con>.elementor-widget-spacer>.elementor-widget-container>.elementor-spacer>.elementor-spacer-inner{height:var(--container-widget-height,var(--spacer-size))}.e-con-inner>.elementor-widget-spacer.elementor-widget-empty,.e-con>.elementor-widget-spacer.elementor-widget-empty{position:relative;min-height:22px;min-width:22px}.e-con-inner>.elementor-widget-spacer.elementor-widget-empty .elementor-widget-empty-icon,.e-con>.elementor-widget-spacer.elementor-widget-empty .elementor-widget-empty-icon{position:absolute;top:0;bottom:0;left:0;right:0;margin:auto;padding:0;width:22px;height:22px}<\/style>\t\t<div class=\"elementor-spacer\">\n\t\t\t<div class=\"elementor-spacer-inner\"><\/div>\n\t\t<\/div>\n\t\t\t\t<\/div>\n\t\t\t\t<\/div>\n\t\t\t\t\t<\/div>\n\t\t<\/div>\n\t\t\t\t\t<\/div>\n\t\t<\/section>\n\t\t\t\t<section class=\"elementor-section elementor-top-section elementor-element elementor-element-8cdb6e5 elementor-section-boxed elementor-section-height-default elementor-section-height-default wpr-particle-no wpr-jarallax-no wpr-parallax-no wpr-sticky-section-no\" data-id=\"8cdb6e5\" data-element_type=\"section\">\n\t\t\t\t\t\t<div class=\"elementor-container elementor-column-gap-default\">\n\t\t\t\t\t<div class=\"elementor-column elementor-col-100 elementor-top-column elementor-element elementor-element-e3066b4\" data-id=\"e3066b4\" data-element_type=\"column\">\n\t\t\t<div class=\"elementor-widget-wrap elementor-element-populated\">\n\t\t\t\t\t\t<section class=\"elementor-section elementor-inner-section elementor-element elementor-element-4b71dfd elementor-section-boxed elementor-section-height-default elementor-section-height-default wpr-particle-no wpr-jarallax-no wpr-parallax-no wpr-sticky-section-no\" data-id=\"4b71dfd\" data-element_type=\"section\">\n\t\t\t\t\t\t<div class=\"elementor-container elementor-column-gap-default\">\n\t\t\t\t\t<div class=\"elementor-column elementor-col-100 elementor-inner-column elementor-element elementor-element-a66c74e\" data-id=\"a66c74e\" data-element_type=\"column\">\n\t\t\t<div class=\"elementor-widget-wrap elementor-element-populated\">\n\t\t\t\t\t\t<div class=\"elementor-element elementor-element-e15c545 elementor-widget elementor-widget-text-editor\" data-id=\"e15c545\" data-element_type=\"widget\" data-widget_type=\"text-editor.default\">\n\t\t\t\t<div class=\"elementor-widget-container\">\n\t\t\t<style>\/*! elementor - v3.20.0 - 10-04-2024 *\/\n.elementor-widget-text-editor.elementor-drop-cap-view-stacked .elementor-drop-cap{background-color:#69727d;color:#fff}.elementor-widget-text-editor.elementor-drop-cap-view-framed .elementor-drop-cap{color:#69727d;border:3px solid;background-color:transparent}.elementor-widget-text-editor:not(.elementor-drop-cap-view-default) .elementor-drop-cap{margin-top:8px}.elementor-widget-text-editor:not(.elementor-drop-cap-view-default) .elementor-drop-cap-letter{width:1em;height:1em}.elementor-widget-text-editor .elementor-drop-cap{float:left;text-align:center;line-height:1;font-size:50px}.elementor-widget-text-editor .elementor-drop-cap-letter{display:inline-block}<\/style>\t\t\t\t<p><strong>. \u00c9diteur du Site :<\/strong><\/p><p>Nom du Pr\u00e9parateur Mental : Fran\u00e7ois LORENTE Adresse : [Votre adresse compl\u00e8te] T\u00e9l\u00e9phone :06 50 62 88 85 Email : [fl-performance@hotmail.com<\/p><p>Num\u00e9ro SIRET : [883 930 737 00019]<\/p><ul><li><strong>R\u00e9daction du site par Irkeedia\u00a0 (TOFFOLON MATHIEU web designer)<\/strong><\/li><\/ul><p><strong>. H\u00e9bergeur du Site :<\/strong><\/p><p>Nom de l&rsquo;H\u00e9bergeur : [Hostinger] Adresse : Larnaca, Chypre Hostinger International Ltd.61 Rue Lordou Vironos, 6023\u00a0<\/p><p>Email : https:\/\/www.hostinger.fr\/contact<\/p><p><strong>. Propri\u00e9t\u00e9 Intellectuelle :<\/strong><\/p><p>Le contenu du site web, y compris mais non limit\u00e9 aux textes, images, vid\u00e9os, logos et graphiques, est la propri\u00e9t\u00e9 intellectuelle du pr\u00e9parateur Mental et est prot\u00e9g\u00e9 par les lois sur le droit d&rsquo;auteur. Toute utilisation non autoris\u00e9e du contenu du site est interdite.<\/p><p><strong>. Collecte et Utilisation des Donn\u00e9es Personnelles :<\/strong><\/p><p>Le Coach Mental s&rsquo;engage \u00e0 prot\u00e9ger la vie priv\u00e9e des visiteurs du site. Les donn\u00e9es personnelles collect\u00e9es via le site seront trait\u00e9es conform\u00e9ment au R\u00e8glement g\u00e9n\u00e9ral sur la protection des donn\u00e9es (RGPD) et \u00e0 la l\u00e9gislation en vigueur. Les utilisateurs ont le droit d&rsquo;acc\u00e9der \u00e0 leurs donn\u00e9es personnelles, de les rectifier, de les supprimer ou de s&rsquo;opposer \u00e0 leur traitement. Pour exercer ces droits, veuillez contacter le pr\u00e9parateur Mental \u00e0 l&rsquo;adresse e-mail indiqu\u00e9e ci-dessus.<\/p><p><strong>. CNIL et RGPD :<\/strong><\/p><p>Le traitement des donn\u00e9es personnelles effectu\u00e9 via ce site a \u00e9t\u00e9 d\u00e9clar\u00e9 \u00e0 la Commission nationale de l&rsquo;informatique et des libert\u00e9s (CNIL) conform\u00e9ment aux dispositions de la loi n\u00b0 78-17 du 6 janvier 1978 relative \u00e0 l&rsquo;informatique, aux fichiers et aux libert\u00e9s. Le traitement est \u00e9galement effectu\u00e9 en conformit\u00e9 avec le R\u00e8glement g\u00e9n\u00e9ral sur la protection des donn\u00e9es (RGPD) de l&rsquo;Union europ\u00e9enne.<\/p><p><strong>. Cookies :<\/strong><\/p><p>Le site peut utiliser des cookies pour am\u00e9liorer l&rsquo;exp\u00e9rience de navigation des utilisateurs. Les utilisateurs ont la possibilit\u00e9 de refuser l&rsquo;utilisation de cookies en configurant les param\u00e8tres de leur navigateur.<\/p><p><strong>. Liens Hypertextes :<\/strong><\/p><p>Le site peut contenir des liens hypertextes vers d&rsquo;autres sites web. Le pr\u00e9parateur Mental d\u00e9cline toute responsabilit\u00e9 quant au contenu de ces sites et ne peut \u00eatre tenu responsable des dommages ou pr\u00e9judices r\u00e9sultant de l&rsquo;utilisation de ces liens.<\/p><p><strong>. Litige :<\/strong><\/p><p>En cas de litige d\u00e9coulant de l&rsquo;utilisation de ce site web ou en relation avec ces Conditions d&rsquo;Utilisation, les parties s&rsquo;engagent \u00e0 rechercher une solution amiable avant d&rsquo;entamer toute proc\u00e9dure judiciaire.<\/p><p>Si aucune solution amiable n&rsquo;est trouv\u00e9e dans un d\u00e9lai de [indiquez le d\u00e9lai, par exemple, 30 jours] \u00e0 compter de la notification du litige par l&rsquo;une des parties \u00e0 l&rsquo;autre, le litige sera soumis \u00e0 la juridiction exclusive des tribunaux du ressort du si\u00e8ge social du Coach Mental, conform\u00e9ment \u00e0 la l\u00e9gislation en vigueur en [votre pays].<\/p><p><strong>. Droit Applicable :<\/strong><\/p><p>Les pr\u00e9sentes mentions l\u00e9gales sont r\u00e9gies par le droit applicable en [<strong>France<\/strong>] et tout litige relatif \u00e0 l&rsquo;interpr\u00e9tation ou l&rsquo;ex\u00e9cution de celles-ci sera de la comp\u00e9tence exclusive des tribunaux du ressort du si\u00e8ge social du pr\u00e9parateur Mental.<\/p><p><strong>Limitations de Responsabilit\u00e9 :<\/strong><\/p><p>Le pr\u00e9parateur Mental met tout en \u0153uvre pour s&rsquo;assurer de l&rsquo;exactitude et de la fiabilit\u00e9 des informations fournies sur ce site web. Cependant, le pr\u00e9parateur Mental ne garantit pas l&rsquo;exactitude, l&rsquo;exhaustivit\u00e9 ou la pertinence du contenu.\u00a0<\/p><p>Le pr\u00e9parateur Mental d\u00e9cline toute responsabilit\u00e9 quant aux dommages directs, indirects, cons\u00e9cutifs ou sp\u00e9ciaux, y compris, mais sans s&rsquo;y limiter, les pertes de profits, de donn\u00e9es ou d&rsquo;utilisation, r\u00e9sultant de l&rsquo;acc\u00e8s ou de l&rsquo;utilisation de ce site web ou de l&rsquo;incapacit\u00e9 \u00e0 y acc\u00e9der ou \u00e0 l&rsquo;utiliser, m\u00eame si le Coach Mental a \u00e9t\u00e9 inform\u00e9 de la possibilit\u00e9 de tels dommages.<\/p><p>Le pr\u00e9parateur Mental ne peut \u00eatre tenu responsable des interruptions temporaires du site web pour des op\u00e9rations de maintenance ou pour des raisons ind\u00e9pendantes de sa volont\u00e9.<\/p><p>En utilisant ce site web, vous acceptez que les limitations de responsabilit\u00e9 pr\u00e9c\u00e9demment mentionn\u00e9es soient raisonnables. Si vous n&rsquo;acceptez pas ces limitations, veuillez ne pas utiliser ce site web.<\/p>\t\t\t\t\t\t<\/div>\n\t\t\t\t<\/div>\n\t\t\t\t\t<\/div>\n\t\t<\/div>\n\t\t\t\t\t<\/div>\n\t\t<\/section>\n\t\t\t\t\t<\/div>\n\t\t<\/div>\n\t\t\t\t\t<\/div>\n\t\t<\/section>\n\t\t\t\t<\/div>\n\t\t","protected":false},"excerpt":{"rendered":"<p>Mentions l\u00e9gales . \u00c9diteur du Site : Nom du Pr\u00e9parateur Mental : Fran\u00e7ois LORENTE Adresse : [Votre adresse compl\u00e8te] T\u00e9l\u00e9phone :06 50 62 88 85 Email : [fl-performance@hotmail.com Num\u00e9ro SIRET [&hellip;]<\/p>\n","protected":false},"author":1,"featured_media":0,"parent":0,"menu_order":0,"comment_status":"closed","ping_status":"closed","template":"","meta":{"ocean_post_layout":"","ocean_both_sidebars_style":"","ocean_both_sidebars_content_width":0,"ocean_both_sidebars_sidebars_width":0,"ocean_sidebar":"","ocean_second_sidebar":"","ocean_disable_margins":"enable","ocean_add_body_class":"","ocean_shortcode_before_top_bar":"","ocean_shortcode_after_top_bar":"","ocean_shortcode_before_header":"","ocean_shortcode_after_header":"","ocean_has_shortcode":"","ocean_shortcode_after_title":"","ocean_shortcode_before_footer_widgets":"","ocean_shortcode_after_footer_widgets":"","ocean_shortcode_before_footer_bottom":"","ocean_shortcode_after_footer_bottom":"","ocean_display_top_bar":"default","ocean_display_header":"default","ocean_header_style":"","ocean_center_header_left_menu":"","ocean_custom_header_template":"","ocean_custom_logo":0,"ocean_custom_retina_logo":0,"ocean_custom_logo_max_width":0,"ocean_custom_logo_tablet_max_width":0,"ocean_custom_logo_mobile_max_width":0,"ocean_custom_logo_max_height":0,"ocean_custom_logo_tablet_max_height":0,"ocean_custom_logo_mobile_max_height":0,"ocean_header_custom_menu":"","ocean_menu_typo_font_family":"","ocean_menu_typo_font_subset":"","ocean_menu_typo_font_size":0,"ocean_menu_typo_font_size_tablet":0,"ocean_menu_typo_font_size_mobile":0,"ocean_menu_typo_font_size_unit":"px","ocean_menu_typo_font_weight":"","ocean_menu_typo_font_weight_tablet":"","ocean_menu_typo_font_weight_mobile":"","ocean_menu_typo_transform":"","ocean_menu_typo_transform_tablet":"","ocean_menu_typo_transform_mobile":"","ocean_menu_typo_line_height":0,"ocean_menu_typo_line_height_tablet":0,"ocean_menu_typo_line_height_mobile":0,"ocean_menu_typo_line_height_unit":"","ocean_menu_typo_spacing":0,"ocean_menu_typo_spacing_tablet":0,"ocean_menu_typo_spacing_mobile":0,"ocean_menu_typo_spacing_unit":"","ocean_menu_link_color":"","ocean_menu_link_color_hover":"","ocean_menu_link_color_active":"","ocean_menu_link_background":"","ocean_menu_link_hover_background":"","ocean_menu_link_active_background":"","ocean_menu_social_links_bg":"","ocean_menu_social_hover_links_bg":"","ocean_menu_social_links_color":"","ocean_menu_social_hover_links_color":"","ocean_disable_title":"on","ocean_disable_heading":"default","ocean_post_title":"","ocean_post_subheading":"","ocean_post_title_style":"","ocean_post_title_background_color":"","ocean_post_title_background":0,"ocean_post_title_bg_image_position":"","ocean_post_title_bg_image_attachment":"","ocean_post_title_bg_image_repeat":"","ocean_post_title_bg_image_size":"","ocean_post_title_height":0,"ocean_post_title_bg_overlay":0.5,"ocean_post_title_bg_overlay_color":"","ocean_disable_breadcrumbs":"default","ocean_breadcrumbs_color":"","ocean_breadcrumbs_separator_color":"","ocean_breadcrumbs_links_color":"","ocean_breadcrumbs_links_hover_color":"","ocean_display_footer_widgets":"default","ocean_display_footer_bottom":"default","ocean_custom_footer_template":"","footnotes":""},"yoast_head":"<!-- This site is optimized with the Yoast SEO plugin v22.4 - https:\/\/yoast.com\/wordpress\/plugins\/seo\/ -->\n<title>Mentions l\u00e9gales - flperformance.fr<\/title>\n<meta name=\"robots\" content=\"index, follow, max-snippet:-1, max-image-preview:large, max-video-preview:-1\" \/>\n<link rel=\"canonical\" href=\"https:\/\/flperformance.fr\/index.php\/mentions-legales\/\" \/>\n<meta property=\"og:locale\" content=\"fr_FR\" \/>\n<meta property=\"og:type\" content=\"article\" \/>\n<meta property=\"og:title\" content=\"Mentions l\u00e9gales - flperformance.fr\" \/>\n<meta property=\"og:description\" content=\"Mentions l\u00e9gales . \u00c9diteur du Site : Nom du Pr\u00e9parateur Mental : Fran\u00e7ois LORENTE Adresse : [Votre adresse compl\u00e8te] T\u00e9l\u00e9phone :06 50 62 88 85 Email : [fl-performance@hotmail.com Num\u00e9ro SIRET [&hellip;]\" \/>\n<meta property=\"og:url\" content=\"https:\/\/flperformance.fr\/index.php\/mentions-legales\/\" \/>\n<meta property=\"og:site_name\" content=\"flperformance.fr\" \/>\n<meta property=\"article:modified_time\" content=\"2023-09-30T14:44:11+00:00\" \/>\n<meta name=\"twitter:card\" content=\"summary_large_image\" \/>\n<meta name=\"twitter:label1\" content=\"Dur\u00e9e de lecture estim\u00e9e\" \/>\n\t<meta name=\"twitter:data1\" content=\"3 minutes\" \/>\n<script type=\"application\/ld+json\" class=\"yoast-schema-graph\">{\"@context\":\"https:\/\/schema.org\",\"@graph\":[{\"@type\":\"WebPage\",\"@id\":\"https:\/\/flperformance.fr\/index.php\/mentions-legales\/\",\"url\":\"https:\/\/flperformance.fr\/index.php\/mentions-legales\/\",\"name\":\"Mentions l\u00e9gales - flperformance.fr\",\"isPartOf\":{\"@id\":\"https:\/\/flperformance.fr\/#website\"},\"datePublished\":\"2023-09-30T13:43:19+00:00\",\"dateModified\":\"2023-09-30T14:44:11+00:00\",\"breadcrumb\":{\"@id\":\"https:\/\/flperformance.fr\/index.php\/mentions-legales\/#breadcrumb\"},\"inLanguage\":\"fr-FR\",\"potentialAction\":[{\"@type\":\"ReadAction\",\"target\":[\"https:\/\/flperformance.fr\/index.php\/mentions-legales\/\"]}]},{\"@type\":\"BreadcrumbList\",\"@id\":\"https:\/\/flperformance.fr\/index.php\/mentions-legales\/#breadcrumb\",\"itemListElement\":[{\"@type\":\"ListItem\",\"position\":1,\"name\":\"Accueil\",\"item\":\"https:\/\/flperformance.fr\/\"},{\"@type\":\"ListItem\",\"position\":2,\"name\":\"Mentions l\u00e9gales\"}]},{\"@type\":\"WebSite\",\"@id\":\"https:\/\/flperformance.fr\/#website\",\"url\":\"https:\/\/flperformance.fr\/\",\"name\":\"flperformance.fr\",\"description\":\"\",\"potentialAction\":[{\"@type\":\"SearchAction\",\"target\":{\"@type\":\"EntryPoint\",\"urlTemplate\":\"https:\/\/flperformance.fr\/?s={search_term_string}\"},\"query-input\":\"required name=search_term_string\"}],\"inLanguage\":\"fr-FR\"}]}<\/script>\n<!-- \/ Yoast SEO plugin. -->","yoast_head_json":{"title":"Mentions l\u00e9gales - flperformance.fr","robots":{"index":"index","follow":"follow","max-snippet":"max-snippet:-1","max-image-preview":"max-image-preview:large","max-video-preview":"max-video-preview:-1"},"canonical":"https:\/\/flperformance.fr\/index.php\/mentions-legales\/","og_locale":"fr_FR","og_type":"article","og_title":"Mentions l\u00e9gales - flperformance.fr","og_description":"Mentions l\u00e9gales . \u00c9diteur du Site : Nom du Pr\u00e9parateur Mental : Fran\u00e7ois LORENTE Adresse : [Votre adresse compl\u00e8te] T\u00e9l\u00e9phone :06 50 62 88 85 Email : [fl-performance@hotmail.com Num\u00e9ro SIRET [&hellip;]","og_url":"https:\/\/flperformance.fr\/index.php\/mentions-legales\/","og_site_name":"flperformance.fr","article_modified_time":"2023-09-30T14:44:11+00:00","twitter_card":"summary_large_image","twitter_misc":{"Dur\u00e9e de lecture estim\u00e9e":"3 minutes"},"schema":{"@context":"https:\/\/schema.org","@graph":[{"@type":"WebPage","@id":"https:\/\/flperformance.fr\/index.php\/mentions-legales\/","url":"https:\/\/flperformance.fr\/index.php\/mentions-legales\/","name":"Mentions l\u00e9gales - flperformance.fr","isPartOf":{"@id":"https:\/\/flperformance.fr\/#website"},"datePublished":"2023-09-30T13:43:19+00:00","dateModified":"2023-09-30T14:44:11+00:00","breadcrumb":{"@id":"https:\/\/flperformance.fr\/index.php\/mentions-legales\/#breadcrumb"},"inLanguage":"fr-FR","potentialAction":[{"@type":"ReadAction","target":["https:\/\/flperformance.fr\/index.php\/mentions-legales\/"]}]},{"@type":"BreadcrumbList","@id":"https:\/\/flperformance.fr\/index.php\/mentions-legales\/#breadcrumb","itemListElement":[{"@type":"ListItem","position":1,"name":"Accueil","item":"https:\/\/flperformance.fr\/"},{"@type":"ListItem","position":2,"name":"Mentions l\u00e9gales"}]},{"@type":"WebSite","@id":"https:\/\/flperformance.fr\/#website","url":"https:\/\/flperformance.fr\/","name":"flperformance.fr","description":"","potentialAction":[{"@type":"SearchAction","target":{"@type":"EntryPoint","urlTemplate":"https:\/\/flperformance.fr\/?s={search_term_string}"},"query-input":"required name=search_term_string"}],"inLanguage":"fr-FR"}]}},"_links":{"self":[{"href":"https:\/\/flperformance.fr\/index.php\/wp-json\/wp\/v2\/pages\/706"}],"collection":[{"href":"https:\/\/flperformance.fr\/index.php\/wp-json\/wp\/v2\/pages"}],"about":[{"href":"https:\/\/flperformance.fr\/index.php\/wp-json\/wp\/v2\/types\/page"}],"author":[{"embeddable":true,"href":"https:\/\/flperformance.fr\/index.php\/wp-json\/wp\/v2\/users\/1"}],"replies":[{"embeddable":true,"href":"https:\/\/flperformance.fr\/index.php\/wp-json\/wp\/v2\/comments?post=706"}],"version-history":[{"count":49,"href":"https:\/\/flperformance.fr\/index.php\/wp-json\/wp\/v2\/pages\/706\/revisions"}],"predecessor-version":[{"id":757,"href":"https:\/\/flperformance.fr\/index.php\/wp-json\/wp\/v2\/pages\/706\/revisions\/757"}],"wp:attachment":[{"href":"https:\/\/flperformance.fr\/index.php\/wp-json\/wp\/v2\/media?parent=706"}],"curies":[{"name":"wp","href":"https:\/\/api.w.org\/{rel}","templated":true}]}}